{"id":78,"date":"2025-03-08T15:47:30","date_gmt":"2025-03-08T15:47:30","guid":{"rendered":"https:\/\/otorrinosantiagofierro.com\/services\/"},"modified":"2025-06-03T04:52:27","modified_gmt":"2025-06-03T04:52:27","slug":"oidos","status":"publish","type":"page","link":"https:\/\/otorrinosantiagofierro.com\/?page_id=78","title":{"rendered":"O\u00eddos"},"content":{"rendered":"\n\n\n\n\nServicios\n\n\n\n\n\n\n\n\n\nServicios\n\n\n\nLimpieza de o\u00eddos.\nExtracci\u00f3n de cuerpo extra\u00f1o de o\u00eddos.\nInfiltraci\u00f3n intratimp\u00e1nica.\nValoraci\u00f3n de disminuci\u00f3n de la audici\u00f3n (hipoacusia).\n\n\n\n\n\n<p>Lorem Ipsum has been the industry&#8217;s standard dummy text ever since the 1500s.<\/p>\n\n\n\n<span style=\"font-style: normal; font-variant-caps: normal; text-align: start; font-size: medium;\">La p\u00e9rdida auditiva puede ser progresiva o repentina y afectar uno o ambos o\u00eddos. Sus causas van desde tapones de cerumen hasta da\u00f1o en el o\u00eddo interno.<\/span><br>\n\n\n\n\n\n<p>Lorem Ipsum has been the industry&#8217;s standard dummy text ever since the 1500s.<\/p>\n\n\n\n<span style=\"font-style: normal; font-variant-caps: normal; text-align: start; font-size: medium;\">Objetos peque\u00f1os, insectos o tapones pueden alojarse en el canal auditivo y causar dolor, p\u00e9rdida de audici\u00f3n o infecci\u00f3n.<\/span><br>\n\n\n\n\n\n<p>Lorem Ipsum has been the industry&#8217;s standard dummy text ever since the 1500s.<\/p>\n\n\n\n<span style=\"font-style: normal; font-variant-caps: normal; text-align: start; font-size: medium;\">El exceso de cerumen puede causar molestias, zumbidos o disminuci\u00f3n de audici\u00f3n.<\/span><br data-start=\"239\" data-end=\"242\" style=\"text-align: start;\"><span data-start=\"242\" data-end=\"309\" style=\"font-style: normal; font-variant-caps: normal; text-align: start;\">Evita riesgos: la limpieza debe realizarse por un especialista.<\/span><br>\n\n\n\n\n","protected":false},"excerpt":{"rendered":"","protected":false},"author":1,"featured_media":0,"parent":0,"menu_order":0,"comment_status":"closed","ping_status":"closed","template":"","meta":{"pagelayer_contact_templates":[],"_pagelayer_content":"","footnotes":""},"class_list":["post-78","page","type-page","status-publish","hentry"],"_links":{"self":[{"href":"https:\/\/otorrinosantiagofierro.com\/index.php?rest_route=\/wp\/v2\/pages\/78","targetHints":{"allow":["GET"]}}],"collection":[{"href":"https:\/\/otorrinosantiagofierro.com\/index.php?rest_route=\/wp\/v2\/pages"}],"about":[{"href":"https:\/\/otorrinosantiagofierro.com\/index.php?rest_route=\/wp\/v2\/types\/page"}],"author":[{"embeddable":true,"href":"https:\/\/otorrinosantiagofierro.com\/index.php?rest_route=\/wp\/v2\/users\/1"}],"replies":[{"embeddable":true,"href":"https:\/\/otorrinosantiagofierro.com\/index.php?rest_route=%2Fwp%2Fv2%2Fcomments&post=78"}],"version-history":[{"count":14,"href":"https:\/\/otorrinosantiagofierro.com\/index.php?rest_route=\/wp\/v2\/pages\/78\/revisions"}],"predecessor-version":[{"id":336,"href":"https:\/\/otorrinosantiagofierro.com\/index.php?rest_route=\/wp\/v2\/pages\/78\/revisions\/336"}],"wp:attachment":[{"href":"https:\/\/otorrinosantiagofierro.com\/index.php?rest_route=%2Fwp%2Fv2%2Fmedia&parent=78"}],"curies":[{"name":"wp","href":"https:\/\/api.w.org\/{rel}","templated":true}]}}