{"id":77,"date":"2025-03-08T15:47:30","date_gmt":"2025-03-08T15:47:30","guid":{"rendered":"https:\/\/otorrinosantiagofierro.com\/home\/"},"modified":"2026-01-09T21:16:26","modified_gmt":"2026-01-09T21:16:26","slug":"inicio","status":"publish","type":"page","link":"https:\/\/otorrinosantiagofierro.com\/","title":{"rendered":"Inicio"},"content":{"rendered":"\n\n\n\n\n\n\n\n\n\n\n\n\n\n\n\n\n<strong style=\"font-style: normal; font-variant-ligatures: normal; font-variant-caps: normal; font-size: 16px; font-family: Roboto; color: rgb(242, 242, 242); text-align: left;\">EL SENTIDO DE LA AUDICI\u00d3N Y EL EQUILIBRIO<\/strong><br style=\"color: rgb(242, 242, 242); text-align: left;\"><span style=\"color: rgb(242, 242, 242); font-family: Roboto; font-size: 16px; font-style: normal; font-variant-ligatures: normal; font-variant-caps: normal; font-weight: 400; text-align: left;\">Los o\u00eddos no solo nos permiten escuchar, sino que tambi\u00e9n son responsables de nuestro equilibrio. Su estructura compleja, que va desde el o\u00eddo externo hasta el o\u00eddo interno, trabaja en perfecta sincron\u00eda para captar y procesar sonidos, adem\u00e1s de mantener nuestra estabilidad.<\/span>\n\n\n\n\n<br>\n\n<strong style=\"font-style: normal; font-variant-ligatures: normal; font-variant-caps: normal; font-size: 16px; font-family: Roboto; overflow-wrap: break-word; color: rgb(254, 254, 254); text-align: start;\">SALUD, RESPIRACI\u00d3N Y BIENESTAR<\/strong><br style=\"padding: 0px; margin: 0px; overflow-wrap: break-word; color: rgb(254, 254, 254); text-align: start;\"><span style=\"color: rgb(254, 254, 254); font-family: Roboto; font-size: 16px; font-style: normal; font-variant-ligatures: normal; font-variant-caps: normal; font-weight: 400; text-align: start;\">La nariz cumple una funci\u00f3n fundamental en la salud respiratoria. No solo permite el paso del aire, sino que lo filtra, humidifica y regula, protegiendo al organismo y favoreciendo una respiraci\u00f3n adecuada.\nCuando existen alteraciones nasales, estas pueden afectar la calidad de vida, el descanso, el rendimiento diario y el bienestar general.<\/span>\n\n\n\n<br>\n\n\n<strong style=\"font-style: normal; font-variant-ligatures: normal; font-variant-caps: normal; font-size: 16px; font-family: Roboto; overflow-wrap: break-word; color: rgb(254, 254, 254); text-align: start;\">VOZ, DEGLUCI\u00d3N Y PROTECCI\u00d3N<\/strong><br style=\"padding: 0px; margin: 0px; overflow-wrap: break-word; color: rgb(254, 254, 254); text-align: start;\"><span style=\"color: rgb(254, 254, 254); font-family: Roboto; font-size: 16px; font-style: normal; font-variant-ligatures: normal; font-variant-caps: normal; font-weight: 400; text-align: start;\">La garganta es un punto clave en nuestro cuerpo, ya que interviene en funciones esenciales como la degluci\u00f3n, la respiraci\u00f3n y la fonaci\u00f3n. Su estructura permite que podamos hablar, tragar y proteger nuestras v\u00edas respiratorias de infecciones y cuerpos extra\u00f1os.<\/span>\n\n\n\n\n\n\n\n\n\nBienvenidos\n\n<strong>Dr. Santiago Fierro&nbsp;<\/strong>\n<strong>Especialista en Otorrinolaringolog\u00eda<\/strong>\n<p data-start=\"164\" data-end=\"465\" style=\"font-style: normal; font-variant-caps: normal;\">En cada consulta, el&nbsp;<strong data-start=\"185\" data-end=\"246\">Dr. Santiago Fierro, especialista en Otorrinolaringolog\u00eda<\/strong>, brinda una atenci\u00f3n cercana y personalizada, combinando&nbsp;<strong data-start=\"304\" data-end=\"326\">experiencia m\u00e9dica<\/strong>, conocimiento actualizado y&nbsp;<strong data-start=\"355\" data-end=\"377\">tecnolog\u00eda moderna<\/strong>&nbsp;para lograr diagn\u00f3sticos precisos de las enfermedades del o\u00eddo, la nariz y la garganta.<\/p>\n<p data-start=\"467\" data-end=\"687\" style=\"font-style: normal; font-variant-caps: normal;\">Su enfoque va m\u00e1s all\u00e1 de tratar s\u00edntomas: escucha a cada paciente, eval\u00faa su caso de manera integral y explica con claridad las opciones de tratamiento, siempre priorizando la&nbsp;<strong data-start=\"644\" data-end=\"686\">seguridad, la confianza y el bienestar<\/strong>.<\/p>\n<p data-start=\"689\" data-end=\"888\" style=\"font-style: normal; font-variant-caps: normal;\">El compromiso del Dr. Fierro es acompa\u00f1ar a sus pacientes con profesionalismo y humanidad, ofreciendo soluciones m\u00e9dicas eficaces que contribuyan a mejorar su calidad de vida y su salud respiratoria.<\/p>\n\n\n\n\n\n<strong>Servicios<\/strong>\n\nCada servicio se basa en una evaluaci\u00f3n cl\u00ednica detallada, el uso de tecnolog\u00eda diagn\u00f3stica moderna y un enfoque humano que prioriza la confianza, la seguridad y el bienestar del paciente.\n\n\n\n<span style=\"font-family: Roboto; font-size: 16px; font-style: normal; font-variant-ligatures: normal; font-variant-caps: normal; font-weight: 400; text-align: right;\">Evaluaci\u00f3n precisa de la capacidad auditiva para detectar y diagnosticar p\u00e9rdidas de audici\u00f3n<\/span>\n\n\n<span style=\"font-family: Roboto; font-size: 16px; font-style: normal; font-variant-ligatures: normal; font-variant-caps: normal; font-weight: 400; text-align: right;\">Procedimiento para mejorar la respiraci\u00f3n y reducir infecciones en ni\u00f1os y adultos.<\/span>\n\n\n<span style=\"font-family: Roboto; font-size: 16px; font-style: normal; font-variant-ligatures: normal; font-variant-caps: normal; font-weight: 400; text-align: right;\">Cirug\u00eda est\u00e9tica y funcional para mejorar la forma y funci\u00f3n de la nariz.<\/span>\n\n\n\n\n\n\n<span style=\"font-family: Roboto; font-size: 16px; font-style: normal; font-variant-ligatures: normal; font-variant-caps: normal; font-weight: 400; text-align: left;\">Tratamiento especializado para detener y prevenir hemorragias nasales recurrentes.<\/span>\n\n\n<span style=\"font-family: Roboto; font-size: 16px; font-style: normal; font-variant-ligatures: normal; font-variant-caps: normal; font-weight: 400; text-align: left;\">Correcci\u00f3n del tabique nasal desviado para mejorar la respiraci\u00f3n y calidad de vida.<\/span>\n\n\n<span style=\"font-family: Roboto; font-size: 16px; font-style: normal; font-variant-ligatures: normal; font-variant-caps: normal; font-weight: 400; text-align: left;\">Diagn\u00f3stico integral para tratar ronquidos y apnea del sue\u00f1o, mejorando el descanso.<\/span><br style=\"text-align: left;\"><span style=\"font-family: Roboto; font-size: 16px; font-style: normal; font-variant-ligatures: normal; font-variant-caps: normal; font-weight: 400; text-align: left;\">Si necesitas alg\u00fan ajuste, dime y lo adaptamos.<\/span><span style=\"font-family: Roboto; font-size: 16px; font-style: normal; font-variant-ligatures: normal; font-variant-caps: normal; font-weight: 400; text-align: left;\">.<\/span>\n\n\n\n\n\n\n\n\n\n\n\n\n\n<p>Un equipo que trabaja contigo, escuchando y cuidando cada detalle de tu salud.<\/p>\n\n\n<p>Aqu\u00ed eres escuchado, acompa\u00f1ado y atendido con respeto y empat\u00eda,\u00a0<\/span>nuestro equipo est\u00e1 listo para ayudarte.<\/p>\n\n\n<p>Atenci\u00f3n m\u00e9dica responsable, basada en experiencia y criterio cl\u00ednico.<\/p>\n\n\n<p>La confianza se construye con cercan\u00eda, honestidad y un compromiso real con tu bienestar.<\/p>\n\n\n\n\n\n\n\n<p>Lorem Ipsum has been the industry&#8217;s standard dummy text ever since the 1500s.<\/p>\n\n\n\n\nCont\u00e1ctanos\n\n\nQuieres una cita, d\u00e9janos tus datos.\n\n\n\n\n\n\n\n\n\n\n\n\n\n\nTestimonios\n\n\n\n\n\n\n\n\n\n\n","protected":false},"excerpt":{"rendered":"","protected":false},"author":1,"featured_media":0,"parent":0,"menu_order":0,"comment_status":"closed","ping_status":"closed","template":"","meta":{"pagelayer_contact_templates":[],"_pagelayer_content":"","footnotes":""},"class_list":["post-77","page","type-page","status-publish","hentry"],"_links":{"self":[{"href":"https:\/\/otorrinosantiagofierro.com\/index.php?rest_route=\/wp\/v2\/pages\/77","targetHints":{"allow":["GET"]}}],"collection":[{"href":"https:\/\/otorrinosantiagofierro.com\/index.php?rest_route=\/wp\/v2\/pages"}],"about":[{"href":"https:\/\/otorrinosantiagofierro.com\/index.php?rest_route=\/wp\/v2\/types\/page"}],"author":[{"embeddable":true,"href":"https:\/\/otorrinosantiagofierro.com\/index.php?rest_route=\/wp\/v2\/users\/1"}],"replies":[{"embeddable":true,"href":"https:\/\/otorrinosantiagofierro.com\/index.php?rest_route=%2Fwp%2Fv2%2Fcomments&post=77"}],"version-history":[{"count":58,"href":"https:\/\/otorrinosantiagofierro.com\/index.php?rest_route=\/wp\/v2\/pages\/77\/revisions"}],"predecessor-version":[{"id":414,"href":"https:\/\/otorrinosantiagofierro.com\/index.php?rest_route=\/wp\/v2\/pages\/77\/revisions\/414"}],"wp:attachment":[{"href":"https:\/\/otorrinosantiagofierro.com\/index.php?rest_route=%2Fwp%2Fv2%2Fmedia&parent=77"}],"curies":[{"name":"wp","href":"https:\/\/api.w.org\/{rel}","templated":true}]}}