{"id":303,"date":"2025-06-03T01:18:33","date_gmt":"2025-06-03T01:18:33","guid":{"rendered":"https:\/\/otorrinosantiagofierro.com\/?page_id=303"},"modified":"2025-06-03T03:54:24","modified_gmt":"2025-06-03T03:54:24","slug":"garganta","status":"publish","type":"page","link":"https:\/\/otorrinosantiagofierro.com\/?page_id=303","title":{"rendered":"Garganta"},"content":{"rendered":"\n\n\n\nServicios\n\n\n\n\n\n\n\nServicios\n\nExtracci\u00f3n de cuerpo extra\u00f1o de faringe.\nToma de biopsias de nariz y boca.\nEndoscopia lar\u00edngea.\nValoraci\u00f3n de ronquera.\nCirug\u00eda de am\u00edgdalas y adenoides.\n\n\n<p>Lorem Ipsum has been the industry&#8217;s standard dummy text ever since the 1500s.<\/p>\n<span style=\"font-style: normal; font-variant-caps: normal; text-align: start; font-size: medium;\">Lesiones orales que no cicatrizan, cambian de color o sangran deben ser evaluadas.<\/span><br data-start=\"246\" data-end=\"249\" style=\"text-align: start;\"><strong data-start=\"249\" data-end=\"330\" style=\"font-style: normal; font-variant-caps: normal; text-align: start;\">La biopsia permite diagnosticar con precisi\u00f3n alteraciones en la mucosa oral.<\/strong><br>\n\n\n<p>Lorem Ipsum has been the industry&#8217;s standard dummy text ever since the 1500s.<\/p>\n<span style=\"font-style: normal; font-variant-caps: normal; text-align: start; font-size: medium;\">Indicada en casos de infecciones recurrentes, ronquidos o dificultad para respirar.<\/span><br data-start=\"233\" data-end=\"236\" style=\"text-align: start;\"><strong data-start=\"236\" data-end=\"309\" style=\"font-style: normal; font-variant-caps: normal; text-align: start;\">La intervenci\u00f3n mejora la respiraci\u00f3n, el sue\u00f1o y la calidad de vida.<\/strong><br>\n\n\n<p>Lorem Ipsum has been the industry&#8217;s standard dummy text ever since the 1500s.<\/p>\n<span style=\"font-style: normal; font-variant-caps: normal; text-align: start; font-size: medium;\">La ronquera persistente puede deberse a inflamaci\u00f3n, p\u00f3lipos o alteraciones en las cuerdas vocales.<\/span><br data-start=\"257\" data-end=\"260\" style=\"text-align: start;\"><strong data-start=\"260\" data-end=\"351\" style=\"font-style: normal; font-variant-caps: normal; text-align: start;\">Una evaluaci\u00f3n especializada permite detectar la causa y guiar el tratamiento adecuado.<\/strong><br>\n\n\n\n\n","protected":false},"excerpt":{"rendered":"","protected":false},"author":1,"featured_media":0,"parent":0,"menu_order":0,"comment_status":"closed","ping_status":"closed","template":"","meta":{"pagelayer_contact_templates":[],"_pagelayer_content":"","footnotes":""},"class_list":["post-303","page","type-page","status-publish","hentry"],"_links":{"self":[{"href":"https:\/\/otorrinosantiagofierro.com\/index.php?rest_route=\/wp\/v2\/pages\/303","targetHints":{"allow":["GET"]}}],"collection":[{"href":"https:\/\/otorrinosantiagofierro.com\/index.php?rest_route=\/wp\/v2\/pages"}],"about":[{"href":"https:\/\/otorrinosantiagofierro.com\/index.php?rest_route=\/wp\/v2\/types\/page"}],"author":[{"embeddable":true,"href":"https:\/\/otorrinosantiagofierro.com\/index.php?rest_route=\/wp\/v2\/users\/1"}],"replies":[{"embeddable":true,"href":"https:\/\/otorrinosantiagofierro.com\/index.php?rest_route=%2Fwp%2Fv2%2Fcomments&post=303"}],"version-history":[{"count":3,"href":"https:\/\/otorrinosantiagofierro.com\/index.php?rest_route=\/wp\/v2\/pages\/303\/revisions"}],"predecessor-version":[{"id":321,"href":"https:\/\/otorrinosantiagofierro.com\/index.php?rest_route=\/wp\/v2\/pages\/303\/revisions\/321"}],"wp:attachment":[{"href":"https:\/\/otorrinosantiagofierro.com\/index.php?rest_route=%2Fwp%2Fv2%2Fmedia&parent=303"}],"curies":[{"name":"wp","href":"https:\/\/api.w.org\/{rel}","templated":true}]}}