{"id":300,"date":"2025-06-03T01:17:23","date_gmt":"2025-06-03T01:17:23","guid":{"rendered":"https:\/\/otorrinosantiagofierro.com\/?page_id=300"},"modified":"2025-06-03T04:53:18","modified_gmt":"2025-06-03T04:53:18","slug":"nariz","status":"publish","type":"page","link":"https:\/\/otorrinosantiagofierro.com\/?page_id=300","title":{"rendered":"Nariz"},"content":{"rendered":"\n\n\n\n\nServicios\n\n\n\n\n\n\n\n\n\nServicios\n\n\n\nReducci\u00f3n de fractura de huesos propios de la nariz.\nControl de sangrado nasal (epistaxis).\nExtracci\u00f3n de cuerpo extra\u00f1o de nariz.\nToma de biopsias de nariz y boca.\nCirug\u00eda de tabique nasal.\nCirug\u00eda est\u00e9tica nasal.\nOtorrinopediatr\u00eda.\n\n\n\n\n\n<p>Lorem Ipsum has been the industry&#8217;s standard dummy text ever since the 1500s.<\/p>\n\n\n\n<span style=\"font-style: normal; font-variant-caps: normal; text-align: start; font-size: medium;\">El sangrado frecuente puede deberse a resequedad, traumatismos o problemas vasculares.<\/span><br data-start=\"241\" data-end=\"244\" style=\"text-align: start;\"><strong data-start=\"244\" data-end=\"338\" style=\"font-style: normal; font-variant-caps: normal; text-align: start;\">Una evaluaci\u00f3n otorrinolaringol\u00f3gica permite identificar la causa y prevenir recurrencias.<\/strong><br>\n\n\n\n\n\n<p>Lorem Ipsum has been the industry&#8217;s standard dummy text ever since the 1500s.<\/p>\n\n\n\n<span style=\"font-style: normal; font-variant-caps: normal; text-align: start; font-size: medium;\">El tabique desviado puede causar dificultad para respirar, congesti\u00f3n y sinusitis recurrente.<\/span><br data-start=\"261\" data-end=\"264\" style=\"text-align: start;\"><strong data-start=\"264\" data-end=\"350\" style=\"font-style: normal; font-variant-caps: normal; text-align: start;\">La cirug\u00eda corrige la desviaci\u00f3n para mejorar la respiraci\u00f3n y la calidad de vida.<\/strong><br>\n\n\n\n\n\n<p>Lorem Ipsum has been the industry&#8217;s standard dummy text ever since the 1500s.<\/p>\n\n\n\n<span style=\"font-style: normal; font-variant-caps: normal; text-align: start; font-size: medium;\">Las fracturas en los huesos propios de la nariz pueden afectar la est\u00e9tica y la funci\u00f3n respiratoria.<\/span><br data-start=\"298\" data-end=\"301\" style=\"text-align: start;\"><strong data-start=\"301\" data-end=\"397\" style=\"font-style: normal; font-variant-caps: normal; text-align: start;\">La reducci\u00f3n oportuna y especializada ayuda a restaurar la forma y facilitar la respiraci\u00f3n.<\/strong><br>\n\n\n\n\n","protected":false},"excerpt":{"rendered":"","protected":false},"author":1,"featured_media":0,"parent":0,"menu_order":0,"comment_status":"closed","ping_status":"closed","template":"","meta":{"pagelayer_contact_templates":[],"_pagelayer_content":"","footnotes":""},"class_list":["post-300","page","type-page","status-publish","hentry"],"_links":{"self":[{"href":"https:\/\/otorrinosantiagofierro.com\/index.php?rest_route=\/wp\/v2\/pages\/300","targetHints":{"allow":["GET"]}}],"collection":[{"href":"https:\/\/otorrinosantiagofierro.com\/index.php?rest_route=\/wp\/v2\/pages"}],"about":[{"href":"https:\/\/otorrinosantiagofierro.com\/index.php?rest_route=\/wp\/v2\/types\/page"}],"author":[{"embeddable":true,"href":"https:\/\/otorrinosantiagofierro.com\/index.php?rest_route=\/wp\/v2\/users\/1"}],"replies":[{"embeddable":true,"href":"https:\/\/otorrinosantiagofierro.com\/index.php?rest_route=%2Fwp%2Fv2%2Fcomments&post=300"}],"version-history":[{"count":7,"href":"https:\/\/otorrinosantiagofierro.com\/index.php?rest_route=\/wp\/v2\/pages\/300\/revisions"}],"predecessor-version":[{"id":337,"href":"https:\/\/otorrinosantiagofierro.com\/index.php?rest_route=\/wp\/v2\/pages\/300\/revisions\/337"}],"wp:attachment":[{"href":"https:\/\/otorrinosantiagofierro.com\/index.php?rest_route=%2Fwp%2Fv2%2Fmedia&parent=300"}],"curies":[{"name":"wp","href":"https:\/\/api.w.org\/{rel}","templated":true}]}}